{"id":399,"date":"2015-11-22T03:56:43","date_gmt":"2015-11-22T03:56:43","guid":{"rendered":"http:\/\/www.courtney-brown.net\/?page_id=399"},"modified":"2026-01-16T02:20:18","modified_gmt":"2026-01-16T02:20:18","slug":"press","status":"publish","type":"page","link":"https:\/\/courtney-brown.net\/?page_id=399","title":{"rendered":"Press"},"content":{"rendered":"<figure id=\"attachment_404\" aria-describedby=\"caption-attachment-404\" style=\"width: 872px\" class=\"wp-caption aligncenter\"><a href=\"https:\/\/courtney-brown.net\/wp-content\/uploads\/2015\/11\/P9030022.jpg\"><img loading=\"lazy\" class=\" wp-image-404 \" src=\"https:\/\/courtney-brown.net\/wp-content\/uploads\/2015\/11\/P9030022-1024x768.jpg\" alt=\"P9030022\" width=\"882\" height=\"662\" data-wp-pid=\"404\" srcset=\"https:\/\/courtney-brown.net\/wp-content\/uploads\/2015\/11\/P9030022-1024x768.jpg 1024w, https:\/\/courtney-brown.net\/wp-content\/uploads\/2015\/11\/P9030022-300x225.jpg 300w, https:\/\/courtney-brown.net\/wp-content\/uploads\/2015\/11\/P9030022-768x576.jpg 768w, https:\/\/courtney-brown.net\/wp-content\/uploads\/2015\/11\/P9030022-690x518.jpg 690w, https:\/\/courtney-brown.net\/wp-content\/uploads\/2015\/11\/P9030022-980x735.jpg 980w\" sizes=\"(max-width: 882px) 100vw, 882px\" \/><\/a><figcaption id=\"caption-attachment-404\" class=\"wp-caption-text\">Photo courtesy of Sharif Razzaque<\/figcaption><\/figure>\n<p><a href=\"https:\/\/www.kjzz.org\/the-show\/2025-11-13\/the-surprising-way-this-choir-director-uses-dinosaurs-skulls\">KJZZ<\/a><i>. <\/i>The surprising way this choir director uses dinosaurs skulls. S. Dingman.<\/p>\n<p><em><a href=\"https:\/\/www.texasmonthly.com\/news-politics\/smu-dinosaur-choir-skull-music\">Texas Monthly<\/a>. <\/em>What Did Dinosaurs Sound Like? This SMU Band Has a Jazzy Guess. L. Larsen.<\/p>\n<p><em><a href=\"https:\/\/www.vice.com\/en\/article\/this-art-project-recreated-accurate-dinosaur-sounds-with-weird-instruments\/\">VICE<\/a>.<\/em> This Art Project Recreated Accurate Dinosaur Sounds With Weird Instruments.<\/p>\n<p><a href=\"https:\/\/www.dallasnews.com\/arts-entertainment\/2025\/09\/09\/want-to-hear-dinosaurs-sing-these-instruments-bring-prehistory-back-to-life\/?fbclid=IwY2xjawMtTl1leHRuA2FlbQIxMQABHlZB5yUQJ4NKXEoV-LABT3SFNZXbeGl9HLVlWogJ3QwSLFqQ3cmAOrcoRPpk_aem_-_aaaoH_JSGLUxILq3ekRg\"><em>Dallas Morning News<\/em><\/a>. Want to hear dinosaurs \u2018sing\u2019? These instruments bring prehistory back to life. M. Fauzia.<\/p>\n<p><a href=\"https:\/\/www.focus.it\/ambiente\/animali\/lo-strumento-musicale-che-imita-i-dinosauri\"><em>Focus Italia<\/em><\/a>. Animali Musica da dinosauri (Animal Music of Dinosaurs). Print Magazine and Online. Camardo, G.<\/p>\n<p><em><a href=\"https:\/\/www.wired.com\/story\/this-crazy-instrument-lets-us-hear-how-dinosaurs-might-have-sounded\/\">Wired<\/a>. <\/em>This Crazy Instrument Lets Us Hear How Dinosaurs Might Have Sounded. V. Burns.<\/p>\n<p><a href=\"https:\/\/www.pressreader.com\/uk\/bbc-music-magazine\/20250515\/281861534371634\"><em>BBC Music <\/em><em>Magazine<\/em><\/a>. Jurassic Melodies. T. Service.<\/p>\n<p><a href=\"https:\/\/www.fastcompany.com\/91291997\/dinosaur-choir-instrument\"><em>Fast Company<\/em><\/a>. This wild new instrument brings a dinosaur back to life. G. Snelling.<\/p>\n<p><a href=\"https:\/\/www.popsci.com\/technology\/2025-guthman-contest-winners\/\"><em>Popular Science<\/em><\/a>. Electromagnetic fields and dinosaur choir win international instrument contest. A. Paul.<\/p>\n<p><em><a href=\"https:\/\/secretatlanta.co\/georgia-tech-guthman-showcase\/\">Secret Atlanta<\/a>.<\/em> This \u2018Dinosaur Choir\u2019 Recreates Extinct Dino Vocalizations At The World\u2019s Most Innovative Musical Instrument Showcase.<\/p>\n<p><a href=\"https:\/\/www.popsci.com\/technology\/2025-guthman-musical-instrument-competition-finalists\/\"><em>Popular Science<\/em><\/a>. The 10 coolest musical instruments you\u2019ll see in 2025.<\/p>\n<p><a href=\"https:\/\/tinyurl.com\/2b48hec7\"><em>Mixdown Mag<\/em><\/a>. 2025 Guthman Musical Instrument Competition finalists announced!<\/p>\n<p><a href=\"https:\/\/www.cbc.ca\/listen\/live-radio\/1-17-edmonton-am\/clip\/15991286-artist-exploringsounds-dinosaurs-study-sonic-skulls\"><em>CBC Edmonton AM<\/em><\/a>. Artist exploring the sounds of dinosaurs through a study in sonic skulls. M.Connolly, T. McCarthy.<\/p>\n<p><a href=\"https:\/\/appalachianvibes.net\/\"><em>Appalachian Vibes Radio Show<\/em><\/a>. Interview with Courtney Brown. A. Bocchi. WNCW 88.7. .<\/p>\n<p><a href=\"https:\/\/edmonton.taproot.news\/briefs\/2023\/06\/09\/festival-of-new-music-goes-way-way-back\"><em>Taproot Edmonton<\/em><\/a>. Festival of new music goes way, way back. A. Lavallee-Koenig.<\/p>\n<p><a href=\"https:\/\/iawm.org\/iawm-journal\"><em>International Alliance of Women in Music Journal<\/em><\/a>, \u201cInventing Musical Instruments\u201d, C. Brown (Invited article). Fall 2020 Issue.<\/p>\n<p><em><a href=\"http:\/\/www.connectsavannah.com\/savannah\/how-to-speak-dinosaur\/Content?oid=3930308\">Connect Savannah<\/a><\/em>, Savannah, GA, &#8220;How to Speak Dinosaur&#8221; R. Flora. Jan. 4, 2017. Cover story.<\/p>\n<p><em><a href=\"http:\/\/www.nytimes.com\/2016\/03\/02\/arts\/music\/new-music-festival-in-chicago-offers-the-complicated-and-the-compelling.html?_r=0\">The New York Times<\/a><\/em>, New York, NY, &#8220;New-Music Festival in Chicago Offers the Complicated and the Compelling.&#8221; D. Allen. Mar. 1, 2016.<\/p>\n<p><em><a href=\"http:\/\/www.quo.es\/ciencia\/asi-hablarian-los-dinosaurios\">Quo<\/a><\/em>, Science and Technology Magazine and Website, Spain, \u201cT\u00fa hablas dino?\u201d (\u201cDo you speak\u00a0dino?\u201d). Feb. 18, 2016.<\/p>\n<p><em><a href=\"https:\/\/asunow.asu.edu\/20160108-asu-grad-student-receives-prestigious-international-award\">ASU Now<\/a><\/em>,\u00a0Tempe, AZ,<i>\u00a0&#8220;<\/i>ASU grad student receives prestigious international award.&#8221;\u00a0K. Garboushian. Jan. 8, 2016.<\/p>\n<p><em><a style=\"line-height: 1.5em;\" href=\"http:\/\/centrumdruku3d.pl\/druk-3d-pozwolil-odtworzyc-dzwieki-wydawane-przez-dinozaury\/\">Centrum Druki 3D<\/a><\/em><em style=\"line-height: 1.5em;\">, <\/em><span style=\"line-height: 1.5em;\">Polish\u00a03D Printing website, &#8220;<\/span><span style=\"line-height: 1.5em;\">Druk 3D pozwoli\u0142 odtworzy\u0107 d\u017awi\u0119ki wydawane przez dinozaury<\/span><span style=\"line-height: 1.5em;\">&#8220;. (&#8220;3D printing helped recreate the sounds made by dinosaurs&#8221;).\u00a0<\/span><span style=\"line-height: 1.5em;\">L. Dlugosz. Nov. 20, 2015.<\/span><\/p>\n<p><em><a href=\"http:\/\/3dprint.com\/106320\/3d-printed-dino-skull-sound\/\">3DPrint.com<\/a>,\u00a0<\/em>3D Printing website, &#8220;3D Printing (re)Produces 65 Million Year Old Mating Call&#8221;. H. R. Mendoza. Nov. 19, 2015.<\/p>\n<p><em><a href=\"http:\/\/www.statepress.com\/article\/2015\/11\/dinosaur-skull-replica-sound-art\">ASU State Press<\/a>, \u00a0<\/em>Tempe, AZ, &#8220;ASU grad student builds dinosaur skull replica, bellowing roars and all&#8221;. I. Castillo. Nov. 16, 2015.<\/p>\n<p><a href=\"https:\/\/www.wbur.org\/hereandnow\/2015\/11\/06\/dinosaur-skull-instrument\"><i>Here and Now<\/i><\/a>, National Public Radio, Boston, MA. \u201cRecreating Dinosaur Sounds With A Musical \u00a0Twist.&#8221; [Radio Broadcast] A. Cline (Producer and Narrator), Nov. 6, 2015.<\/p>\n<p><a href=\"http:\/\/kjzz.org\/content\/214887\/dinosaur-song-asu-student-travels-perform-dinosaur-skull\"><i>The Show<\/i><\/a>, KJZZ 91.5, National Public Radio Affiliate, Phoenix, AZ. \u201cDinosaur Song: ASU Student Travels To Perform With Dinosaur Skull.\u201d [Radio Broadcast] In A. Cline (Producer), M. Brodie. (Narrator). Nov. 3, 2016.<\/p>\n<p><i><a href=\"http:\/\/asunow.asu.edu\/20151021-discoveries-how-speak-dinosaur \">ASU Now<\/a>, <\/i>Tempe, AZ<i>.<\/i>\u00a0\u201cASU student builds dinosaur skull that allows people to re-create the \u00a0beast&#8217;s call; hear it below.\u201d K. Garboushian. Oct. 21, 2015<\/p>\n<p><a href=\"http:\/\/www.vueweekly.com\/exhibiting-sound-expands-the-idea-of-gallery-art\/\"><i>Vue Weekly<\/i><\/a>, Edmonton, AB. \u201cExhibiting Sound expands the idea of gallery art.\u201d P. Blinov. Oct. 15, 2015.<\/p>\n<p><a href=\"http:\/\/www4.rp.pl\/Sztuka\/309069924-Ars-Electronica--wizje-i-zarty.html.\"><i>Rzeczpospolita<\/i><\/a>, Warsaw, Poland. \u201cArs Electronica \u2013 wizje i \u017carty.\u201d (\u201cArs Electronica &#8211; Visions and \u00a0\u00a0 Jokes\u201d) M. Kuc. Sep. 9, 2015.<\/p>\n<p><a href=\"http:\/\/webcache.googleusercontent.com\/search?q=cache:ibdzCC6Gbm0J:www.volksblatt.at\/kulturmedien\/die_kunst_die_nicht_in_die_jahre_kommt_04092015\/+&amp;cd=1&amp;hl=en&amp;ct=clnk&amp;gl=us\"><i>Neues Volksblatt<\/i><\/a>. Linz, Austria. Die Kunst, die nicht in die Jahre kommt (\u201cThe Art that does not come in the years\u201d). Sep. 4, 2015. (Cached, since only last two weeks are available to non-subscribers)<\/p>\n<p><i><a href=\"http:\/\/:\/\/www.hispasonic.com\/blogs\/experimentacion-universo-sonoro-traves-ocho-obras-contemporaneas\/40999\">Hispasonic<\/a>, Fotograma Sonoro<\/i>. Spanish language computer music website. \u201cExperimentaci\u00f3n con el universo sonoro a trav\u00e9s de ocho obras contempor\u00e1neas. (\u201cExperimentation with the universe of sound through contemporary works\u201d). M. Isaza. Aug. 8, 2015.<\/p>\n<p><a href=\" http:\/\/www.phoenixnewtimes.com\/best-of\/2012\/people-and-places\/best-musical-paleontology-6470605\"><i>Phoenix New Times<\/i><\/a>. Phoenix, AZ. \u201cBest Musical Paleontology (2012) Singing Hadrosaur.\u201d<\/p>\n<p><a href=\"http:\/\/blogs.phoenixnewtimes.com\/jackalope\/2012\/05\/th_sic_sense_no_class_preps_us.php\"><i>Phoenix New Times<\/i><\/a>, <i>Jackalope Ranch Blog, <\/i>Phoenix, AZ. \u201cTh [sic] Sense: No Class! Preps Us for Summer with Bodily Fluid Sketches Galore; Plus, More 7 Ate 9,\u00a0 Saturday Only\u201d. J. Peterson. May 18, 2012. \u00a0\u00a0\u00a0\u00a0\u00a0\u00a0\u00a0\u00a0\u00a0\u00a0\u00a0 .<br \/>\n<i><\/i><\/p>\n<p><a href=\"http:\/\/blogs.phoenixnewtimes.com\/jackalope\/2012\/04\/john_cage_centennial_celebrati.php\"><i>Phoenix New Times<\/i><\/a>, <i>Jackalope Ranch Blog, <\/i>Phoenix, AZ. \u201cJohn Cage Centennial Celebration Performances from 7 Ate 9 at Modified.\u201d J. Peterson. Apr. 20, 2012.<br \/>\n<i><\/i><\/p>\n<p><a href=\"http:\/\/www.statepress.com\/2012\/04\/20\/dancers-perform-modern-improv-spectacle-7-ate-9\/\"><i>ASU State Press<\/i><\/a>, Tempe, AZ, \u201cDancers perform improv spectacle &#8216;7-Ate-9&#8217;.\u201d<i> <\/i>N. Tillotson. Apr. 20, 2012.\u00a0 \u00a0 \u00a0 \u00a0 \u00a0.<\/p>\n<p><a href=\"http:\/\/www.boston.com\/ae\/music\/articles\/2008\/03\/28\/take_5\/\"><i>Boston Globe<\/i><\/a>, Boston, \u201cTake 5\u201d MA. J Anderman. Mar. 28, 2008.<\/p>\n","protected":false},"excerpt":{"rendered":"<p>KJZZ. The surprising way this choir director uses dinosaurs skulls. S. Dingman. Texas Monthly. What Did Dinosaurs Sound Like? This SMU Band Has a Jazzy Guess. L. Larsen. VICE. This Art Project Recreated Accurate Dinosaur Sounds With Weird Instruments. Dallas Morning News. Want to hear dinosaurs \u2018sing\u2019? These instruments bring prehistory back to life. M. [&hellip;]<\/p>\n","protected":false},"author":1,"featured_media":0,"parent":0,"menu_order":0,"comment_status":"closed","ping_status":"closed","template":"","meta":{"_exactmetrics_skip_tracking":false,"_exactmetrics_sitenote_active":false,"_exactmetrics_sitenote_note":"","_exactmetrics_sitenote_category":0},"_links":{"self":[{"href":"https:\/\/courtney-brown.net\/index.php?rest_route=\/wp\/v2\/pages\/399"}],"collection":[{"href":"https:\/\/courtney-brown.net\/index.php?rest_route=\/wp\/v2\/pages"}],"about":[{"href":"https:\/\/courtney-brown.net\/index.php?rest_route=\/wp\/v2\/types\/page"}],"author":[{"embeddable":true,"href":"https:\/\/courtney-brown.net\/index.php?rest_route=\/wp\/v2\/users\/1"}],"replies":[{"embeddable":true,"href":"https:\/\/courtney-brown.net\/index.php?rest_route=%2Fwp%2Fv2%2Fcomments&post=399"}],"version-history":[{"count":33,"href":"https:\/\/courtney-brown.net\/index.php?rest_route=\/wp\/v2\/pages\/399\/revisions"}],"predecessor-version":[{"id":1117,"href":"https:\/\/courtney-brown.net\/index.php?rest_route=\/wp\/v2\/pages\/399\/revisions\/1117"}],"wp:attachment":[{"href":"https:\/\/courtney-brown.net\/index.php?rest_route=%2Fwp%2Fv2%2Fmedia&parent=399"}],"curies":[{"name":"wp","href":"https:\/\/api.w.org\/{rel}","templated":true}]}}